{"id":6,"date":"2021-02-14T12:52:40","date_gmt":"2021-02-14T12:52:40","guid":{"rendered":"https:\/\/bgteam.ga\/?page_id=6"},"modified":"2021-12-15T15:11:21","modified_gmt":"2021-12-15T15:11:21","slug":"kezdolap","status":"publish","type":"page","link":"https:\/\/bgteam.eu\/","title":{"rendered":"Kezd\u0151lap"},"content":{"rendered":"<p style=\"text-align: center;\">A <strong>B-G TEAM<\/strong> Kft. sz\u00e9les k\u00f6rben ny\u00fajt szolg\u00e1ltat\u00e1sokat lakoss\u00e1gi megrendel\u0151knek \u00e9pp \u00fagy,<br \/>\nmint v\u00e1llalatoknak. Els\u0151sorban villanyszerel\u00e9ssel \u00e9s sz\u00e1raz\u00e9p\u00edt\u00e9szettel foglalkozunk, de<br \/>\nkiterjedt kapcsolati h\u00e1l\u00f3nknak k\u00f6sz\u00f6nhet\u0151en b\u00e1rmilyen gener\u00e1lkivitelez\u0151i feladatot el tudunk<br \/>\nl\u00e1tni.<\/p>\n<p>&nbsp;<\/p>\n<p><img loading=\"lazy\" decoding=\"async\" class=\"aligncenter wp-image-30 size-full\" src=\"https:\/\/bgteam.eu\/wp-content\/uploads\/2021\/02\/elektromos.jpg\" alt=\"\" width=\"1984\" height=\"457\" srcset=\"https:\/\/bgteam.eu\/wp-content\/uploads\/2021\/02\/elektromos.jpg 1984w, https:\/\/bgteam.eu\/wp-content\/uploads\/2021\/02\/elektromos-300x69.jpg 300w, https:\/\/bgteam.eu\/wp-content\/uploads\/2021\/02\/elektromos-1024x236.jpg 1024w, https:\/\/bgteam.eu\/wp-content\/uploads\/2021\/02\/elektromos-768x177.jpg 768w, https:\/\/bgteam.eu\/wp-content\/uploads\/2021\/02\/elektromos-1536x354.jpg 1536w, https:\/\/bgteam.eu\/wp-content\/uploads\/2021\/02\/elektromos-1920x442.jpg 1920w\" sizes=\"auto, (max-width: 1984px) 100vw, 1984px\" \/><\/p>\n<p>&nbsp;<\/p>\n<p style=\"text-align: center;\">Komplett elektromos h\u00e1l\u00f3zat ki\u00e9p\u00edt\u00e9s\u00e9t, korszer\u0171s\u00edt\u00e9s\u00e9t, b\u0151v\u00edt\u00e9s\u00e9t is v\u00e1llaljuk. Villany\u00f3ra<br \/>\ncser\u00e9j\u00e9t\u0151l a vil\u00e1g\u00edt\u00e1s felkapcsol\u00e1s\u00e1ig. Gyenge\u00e1ram\u00fa h\u00e1l\u00f3zatokat (TV, internet, riaszt\u00f3 &#8230;)<br \/>\nszint\u00e9n ki\u00e9p\u00edt\u00fcnk. Bonyolultabb okos otthonok kivitelez\u00e9s\u00e9t is megoldjuk profi<br \/>\nszakembereink seg\u00edts\u00e9g\u00e9vel.<\/p>\n<p>&nbsp;<\/p>\n<p><img loading=\"lazy\" decoding=\"async\" class=\"aligncenter wp-image-33 size-full\" src=\"https:\/\/bgteam.eu\/wp-content\/uploads\/2021\/02\/led.jpg\" alt=\"\" width=\"1984\" height=\"457\" srcset=\"https:\/\/bgteam.eu\/wp-content\/uploads\/2021\/02\/led.jpg 1984w, https:\/\/bgteam.eu\/wp-content\/uploads\/2021\/02\/led-300x69.jpg 300w, https:\/\/bgteam.eu\/wp-content\/uploads\/2021\/02\/led-1024x236.jpg 1024w, https:\/\/bgteam.eu\/wp-content\/uploads\/2021\/02\/led-768x177.jpg 768w, https:\/\/bgteam.eu\/wp-content\/uploads\/2021\/02\/led-1536x354.jpg 1536w, https:\/\/bgteam.eu\/wp-content\/uploads\/2021\/02\/led-1920x442.jpg 1920w\" sizes=\"auto, (max-width: 1984px) 100vw, 1984px\" \/><\/p>\n<p>&nbsp;<\/p>\n<p style=\"text-align: center;\">A 21. sz\u00e1zad trendj\u00e9t k\u00f6vetve, folyamatosan fejlesztj\u00fck a led f\u00e9ny<br \/>\ndekor\u00e1ci\u00f3s \u00e9s vil\u00e1g\u00edt\u00e1stechnikai t\u00e1rh\u00e1zunkat.<\/p>\n<p>&nbsp;<\/p>\n<p style=\"text-align: center;\">Tekintsen meg p\u00e1rat kor\u00e1bbi<a href=\"https:\/\/bgteam.eu\/?page_id=42\"><span style=\"color: #00ccff;\"> <u>MUNK\u00c1INKB\u00d3L\u00a0<\/u><\/span><\/a><\/p>\n","protected":false},"excerpt":{"rendered":"<p>A B-G TEAM Kft. sz\u00e9les k\u00f6rben ny\u00fajt szolg\u00e1ltat\u00e1sokat lakoss\u00e1gi megrendel\u0151knek \u00e9pp \u00fagy, mint v\u00e1llalatoknak. Els\u0151sorban villanyszerel\u00e9ssel \u00e9s sz\u00e1raz\u00e9p\u00edt\u00e9szettel foglalkozunk, de kiterjedt kapcsolati h\u00e1l\u00f3nknak k\u00f6sz\u00f6nhet\u0151en b\u00e1rmilyen gener\u00e1lkivitelez\u0151i feladatot el tudunk l\u00e1tni. &nbsp; &nbsp; Komplett elektromos h\u00e1l\u00f3zat ki\u00e9p\u00edt\u00e9s\u00e9t, korszer\u0171s\u00edt\u00e9s\u00e9t, b\u0151v\u00edt\u00e9s\u00e9t is v\u00e1llaljuk. Villany\u00f3ra cser\u00e9j\u00e9t\u0151l a vil\u00e1g\u00edt\u00e1s felkapcsol\u00e1s\u00e1ig. Gyenge\u00e1ram\u00fa h\u00e1l\u00f3zatokat (TV, internet, riaszt\u00f3 &#8230;) szint\u00e9n ki\u00e9p\u00edt\u00fcnk. Bonyolultabb okos&hellip; <br \/> <a class=\"read-more\" href=\"https:\/\/bgteam.eu\/\">Read more<\/a><\/p>\n","protected":false},"author":1,"featured_media":0,"parent":0,"menu_order":0,"comment_status":"closed","ping_status":"closed","template":"","meta":{"footnotes":""},"class_list":["post-6","page","type-page","status-publish","hentry"],"_links":{"self":[{"href":"https:\/\/bgteam.eu\/index.php?rest_route=\/wp\/v2\/pages\/6","targetHints":{"allow":["GET"]}}],"collection":[{"href":"https:\/\/bgteam.eu\/index.php?rest_route=\/wp\/v2\/pages"}],"about":[{"href":"https:\/\/bgteam.eu\/index.php?rest_route=\/wp\/v2\/types\/page"}],"author":[{"embeddable":true,"href":"https:\/\/bgteam.eu\/index.php?rest_route=\/wp\/v2\/users\/1"}],"replies":[{"embeddable":true,"href":"https:\/\/bgteam.eu\/index.php?rest_route=%2Fwp%2Fv2%2Fcomments&post=6"}],"version-history":[{"count":25,"href":"https:\/\/bgteam.eu\/index.php?rest_route=\/wp\/v2\/pages\/6\/revisions"}],"predecessor-version":[{"id":238,"href":"https:\/\/bgteam.eu\/index.php?rest_route=\/wp\/v2\/pages\/6\/revisions\/238"}],"wp:attachment":[{"href":"https:\/\/bgteam.eu\/index.php?rest_route=%2Fwp%2Fv2%2Fmedia&parent=6"}],"curies":[{"name":"wp","href":"https:\/\/api.w.org\/{rel}","templated":true}]}}